{"id":464,"date":"2019-01-21T15:31:37","date_gmt":"2019-01-21T14:31:37","guid":{"rendered":"https:\/\/www.hostalnumancia.com\/?page_id=464"},"modified":"2025-07-30T11:16:16","modified_gmt":"2025-07-30T09:16:16","slug":"contacto","status":"publish","type":"page","link":"https:\/\/www.hostalnumancia.com\/es\/contacto\/","title":{"rendered":"Contacto"},"content":{"rendered":"\n<style type=\"text\/css\" data-created_by=\"avia_inline_auto\" id=\"style-css-av-uvwwo-239bc30840f7b62e569cd62c02df0943\">\n.avia-section.av-uvwwo-239bc30840f7b62e569cd62c02df0943 .av-parallax .av-parallax-inner{\nbackground-repeat:no-repeat;\nbackground-image:url(https:\/\/www.hostalnumancia.com\/wp-content\/uploads\/2017\/06\/contact-us.jpg);\nbackground-position:0% 0%;\nbackground-attachment:scroll;\n}\n<\/style>\n<div id='av_section_1'  class='avia-section av-uvwwo-239bc30840f7b62e569cd62c02df0943 main_color avia-section-default avia-no-shadow  avia-builder-el-0  el_before_av_one_half  avia-builder-el-first  avia-full-stretch av-parallax-section avia-bg-style-parallax container_wrap sidebar_right'  data-section-bg-repeat='stretch'><div class='av-parallax' data-avia-parallax-ratio='0.3' ><div class='av-parallax-inner main_color avia-full-stretch'><\/div><\/div><div class='container av-section-cont-open' ><main  role=\"main\" itemprop=\"mainContentOfPage\"  class='template-page content  av-content-small alpha units'><div class='post-entry post-entry-type-page post-entry-464'><div class='entry-content-wrapper clearfix'>\n\n<style type=\"text\/css\" data-created_by=\"avia_inline_auto\" id=\"style-css-av-2yj8g-e66923ebd8205114b376ed9669261a7c\">\n#top .av-special-heading.av-2yj8g-e66923ebd8205114b376ed9669261a7c{\npadding-bottom:0;\ncolor:#ffffff;\nfont-size:60px;\n}\nbody .av-special-heading.av-2yj8g-e66923ebd8205114b376ed9669261a7c .av-special-heading-tag .heading-char{\nfont-size:25px;\n}\n#top #wrap_all .av-special-heading.av-2yj8g-e66923ebd8205114b376ed9669261a7c .av-special-heading-tag{\nfont-size:60px;\n}\n.av-special-heading.av-2yj8g-e66923ebd8205114b376ed9669261a7c .special-heading-inner-border{\nborder-color:#ffffff;\n}\n.av-special-heading.av-2yj8g-e66923ebd8205114b376ed9669261a7c .av-subheading{\nfont-size:18px;\n}\n\n@media only screen and (min-width: 480px) and (max-width: 767px){ \n#top #wrap_all .av-special-heading.av-2yj8g-e66923ebd8205114b376ed9669261a7c .av-special-heading-tag{\nfont-size:0.8em;\n}\n}\n\n@media only screen and (max-width: 479px){ \n#top #wrap_all .av-special-heading.av-2yj8g-e66923ebd8205114b376ed9669261a7c .av-special-heading-tag{\nfont-size:0.8em;\n}\n}\n<\/style>\n<div  class='av-special-heading av-2yj8g-e66923ebd8205114b376ed9669261a7c av-special-heading-h1 custom-color-heading blockquote modern-quote  avia-builder-el-1  avia-builder-el-no-sibling  av-inherit-size'><h1 class='av-special-heading-tag '  itemprop=\"headline\"  >Contacto<\/h1><div class='av_custom_color av-subheading av-subheading_below'><p>Direcci\u00f3n<\/p>\n<\/div><div class=\"special-heading-border\"><div class=\"special-heading-inner-border\"><\/div><\/div><\/div>\n<\/div><\/div><\/main><!-- close content main element --><\/div><\/div><div id='after_section_1'  class='main_color av_default_container_wrap container_wrap sidebar_right'  ><div class='container av-section-cont-open' ><div class='template-page content  av-content-small alpha units'><div class='post-entry post-entry-type-page post-entry-464'><div class='entry-content-wrapper clearfix'>\n\n<style type=\"text\/css\" data-created_by=\"avia_inline_auto\" id=\"style-css-av-klzs0-0addc21acb39eeed6f79edaf5c92730c\">\n.flex_column.av-klzs0-0addc21acb39eeed6f79edaf5c92730c{\nborder-radius:0px 0px 0px 0px;\npadding:0px 0px 0px 0px;\n}\n<\/style>\n<div  class='flex_column av-klzs0-0addc21acb39eeed6f79edaf5c92730c av_one_half  avia-builder-el-2  el_after_av_section  el_before_av_one_half  avia-builder-el-first  first flex_column_div av-zero-column-padding  '     ><section  class='av_textblock_section av-jr7os8fr-4c6d55728462144b134b1e4fb069c199 '   itemscope=\"itemscope\" itemtype=\"https:\/\/schema.org\/CreativeWork\" ><div class='avia_textblock'  itemprop=\"text\" ><h3>Hostal Numancia<\/h3>\n<h5>Magdalena, 8, Centro de Madrid, 28012 Madrid, Espa\u00f1a<\/h5>\n<\/div><\/section><br \/>\n<section  class='av_textblock_section av-jr7oslly-7e68829782ee75c7d9e86861c2aa42b4 '   itemscope=\"itemscope\" itemtype=\"https:\/\/schema.org\/CreativeWork\" ><div class='avia_textblock'  itemprop=\"text\" ><p><iframe src=\"https:\/\/www.google.com\/maps\/embed?pb=!1m18!1m12!1m3!1d3037.841562118815!2d-3.7051204235979602!3d40.412360555904755!2m3!1f0!2f0!3f0!3m2!1i1024!2i768!4f13.1!3m3!1m2!1s0xd42262aafeb9025%3A0x440dee823a378c7e!2sHostal%20Numancia!5e0!3m2!1ses!2ses!4v1753866956497!5m2!1ses!2ses\" width=\"600\" height=\"450\" style=\"border:0;\" allowfullscreen=\"\" loading=\"lazy\" referrerpolicy=\"no-referrer-when-downgrade\"><\/iframe><\/p>\n<\/div><\/section><\/p><\/div>\n<style type=\"text\/css\" data-created_by=\"avia_inline_auto\" id=\"style-css-av-glkpc-b1a8cbe053e188d12b096c0da68972e2\">\n.flex_column.av-glkpc-b1a8cbe053e188d12b096c0da68972e2{\nborder-radius:0px 0px 0px 0px;\npadding:0px 0px 0px 0px;\n}\n<\/style>\n<div  class='flex_column av-glkpc-b1a8cbe053e188d12b096c0da68972e2 av_one_half  avia-builder-el-5  el_after_av_one_half  avia-builder-el-last  flex_column_div av-zero-column-padding  '     ><article  class='iconbox iconbox_left av-y37k-9e815029955e3e856a63b2c78fb20530  avia-builder-el-6  avia-builder-el-no-sibling '  itemscope=\"itemscope\" itemtype=\"https:\/\/schema.org\/CreativeWork\" ><div class=\"iconbox_content\"><header class=\"entry-content-header\"><div class=\"iconbox_icon heading-color\" aria-hidden='true' data-av_icon='' data-av_iconfont='entypo-fontello'><\/div><h3 class='iconbox_content_title '  itemprop=\"headline\" >CONTACTO<\/h3><\/header><div class='iconbox_content_container '  itemprop=\"text\" ><p><strong>Reservas<\/strong><\/p>\n<p><a href=\"https:\/\/www.hostalnumancia.com\/reserva\"><strong><span style=\"color: #ff0000;\">Haz click aqu\u00ed para reservar<\/span><\/strong><\/a>.<\/p>\n<\/div><\/div><footer class=\"entry-footer\"><\/footer><\/article><\/div><\/p>\n","protected":false},"excerpt":{"rendered":"","protected":false},"author":1,"featured_media":0,"parent":0,"menu_order":0,"comment_status":"closed","ping_status":"closed","template":"","meta":{"footnotes":""},"class_list":["post-464","page","type-page","status-publish","hentry"],"yoast_head":"<!-- This site is optimized with the Yoast SEO plugin v26.6 - https:\/\/yoast.com\/wordpress\/plugins\/seo\/ -->\n<title>Contacto<\/title>\n<meta name=\"description\" content=\"Todo lo que necesitas para contactar con nosotros: direcci\u00f3n, tel\u00e9fono, e-mail...\" \/>\n<meta name=\"robots\" content=\"index, follow, max-snippet:-1, max-image-preview:large, max-video-preview:-1\" \/>\n<link rel=\"canonical\" href=\"https:\/\/www.hostalnumancia.com\/es\/contacto\/\" \/>\n<meta property=\"og:locale\" content=\"es_ES\" \/>\n<meta property=\"og:type\" content=\"article\" \/>\n<meta property=\"og:title\" content=\"Contacto\" \/>\n<meta property=\"og:description\" content=\"Todo lo que necesitas para contactar con nosotros: direcci\u00f3n, tel\u00e9fono, e-mail...\" \/>\n<meta property=\"og:url\" content=\"https:\/\/www.hostalnumancia.com\/es\/contacto\/\" \/>\n<meta property=\"og:site_name\" content=\"Hostal Numancia, Madrid\" \/>\n<meta property=\"article:modified_time\" content=\"2025-07-30T09:16:16+00:00\" \/>\n<meta name=\"twitter:card\" content=\"summary_large_image\" \/>\n<meta name=\"twitter:label1\" content=\"Tiempo de lectura\" \/>\n\t<meta name=\"twitter:data1\" content=\"1 minuto\" \/>\n<script type=\"application\/ld+json\" class=\"yoast-schema-graph\">{\"@context\":\"https:\/\/schema.org\",\"@graph\":[{\"@type\":\"WebPage\",\"@id\":\"https:\/\/www.hostalnumancia.com\/es\/contacto\/\",\"url\":\"https:\/\/www.hostalnumancia.com\/es\/contacto\/\",\"name\":\"Contacto\",\"isPartOf\":{\"@id\":\"https:\/\/www.hostalnumancia.com\/#website\"},\"datePublished\":\"2019-01-21T14:31:37+00:00\",\"dateModified\":\"2025-07-30T09:16:16+00:00\",\"description\":\"Todo lo que necesitas para contactar con nosotros: direcci\u00f3n, tel\u00e9fono, e-mail...\",\"breadcrumb\":{\"@id\":\"https:\/\/www.hostalnumancia.com\/es\/contacto\/#breadcrumb\"},\"inLanguage\":\"es\",\"potentialAction\":[{\"@type\":\"ReadAction\",\"target\":[\"https:\/\/www.hostalnumancia.com\/es\/contacto\/\"]}]},{\"@type\":\"BreadcrumbList\",\"@id\":\"https:\/\/www.hostalnumancia.com\/es\/contacto\/#breadcrumb\",\"itemListElement\":[{\"@type\":\"ListItem\",\"position\":1,\"name\":\"Home\",\"item\":\"https:\/\/www.hostalnumancia.com\/es\/\"},{\"@type\":\"ListItem\",\"position\":2,\"name\":\"Contacto\"}]},{\"@type\":\"WebSite\",\"@id\":\"https:\/\/www.hostalnumancia.com\/#website\",\"url\":\"https:\/\/www.hostalnumancia.com\/\",\"name\":\"Hostal Numancia, Madrid\",\"description\":\"Hostal Numancia, Madrid\",\"publisher\":{\"@id\":\"https:\/\/www.hostalnumancia.com\/#organization\"},\"potentialAction\":[{\"@type\":\"SearchAction\",\"target\":{\"@type\":\"EntryPoint\",\"urlTemplate\":\"https:\/\/www.hostalnumancia.com\/?s={search_term_string}\"},\"query-input\":{\"@type\":\"PropertyValueSpecification\",\"valueRequired\":true,\"valueName\":\"search_term_string\"}}],\"inLanguage\":\"es\"},{\"@type\":\"Organization\",\"@id\":\"https:\/\/www.hostalnumancia.com\/#organization\",\"name\":\"Hostal R\u00edo Paran\u00e1\",\"url\":\"https:\/\/www.hostalnumancia.com\/\",\"logo\":{\"@type\":\"ImageObject\",\"inLanguage\":\"es\",\"@id\":\"https:\/\/www.hostalnumancia.com\/#\/schema\/logo\/image\/\",\"url\":\"https:\/\/www.hostalnumancia.com\/wp-content\/uploads\/2019\/06\/Hostal-rio-paran\u00e1.png\",\"contentUrl\":\"https:\/\/www.hostalnumancia.com\/wp-content\/uploads\/2019\/06\/Hostal-rio-paran\u00e1.png\",\"width\":500,\"height\":500,\"caption\":\"Hostal R\u00edo Paran\u00e1\"},\"image\":{\"@id\":\"https:\/\/www.hostalnumancia.com\/#\/schema\/logo\/image\/\"}}]}<\/script>\n<!-- \/ Yoast SEO plugin. -->","yoast_head_json":{"title":"Contacto","description":"Todo lo que necesitas para contactar con nosotros: direcci\u00f3n, tel\u00e9fono, e-mail...","robots":{"index":"index","follow":"follow","max-snippet":"max-snippet:-1","max-image-preview":"max-image-preview:large","max-video-preview":"max-video-preview:-1"},"canonical":"https:\/\/www.hostalnumancia.com\/es\/contacto\/","og_locale":"es_ES","og_type":"article","og_title":"Contacto","og_description":"Todo lo que necesitas para contactar con nosotros: direcci\u00f3n, tel\u00e9fono, e-mail...","og_url":"https:\/\/www.hostalnumancia.com\/es\/contacto\/","og_site_name":"Hostal Numancia, Madrid","article_modified_time":"2025-07-30T09:16:16+00:00","twitter_card":"summary_large_image","twitter_misc":{"Tiempo de lectura":"1 minuto"},"schema":{"@context":"https:\/\/schema.org","@graph":[{"@type":"WebPage","@id":"https:\/\/www.hostalnumancia.com\/es\/contacto\/","url":"https:\/\/www.hostalnumancia.com\/es\/contacto\/","name":"Contacto","isPartOf":{"@id":"https:\/\/www.hostalnumancia.com\/#website"},"datePublished":"2019-01-21T14:31:37+00:00","dateModified":"2025-07-30T09:16:16+00:00","description":"Todo lo que necesitas para contactar con nosotros: direcci\u00f3n, tel\u00e9fono, e-mail...","breadcrumb":{"@id":"https:\/\/www.hostalnumancia.com\/es\/contacto\/#breadcrumb"},"inLanguage":"es","potentialAction":[{"@type":"ReadAction","target":["https:\/\/www.hostalnumancia.com\/es\/contacto\/"]}]},{"@type":"BreadcrumbList","@id":"https:\/\/www.hostalnumancia.com\/es\/contacto\/#breadcrumb","itemListElement":[{"@type":"ListItem","position":1,"name":"Home","item":"https:\/\/www.hostalnumancia.com\/es\/"},{"@type":"ListItem","position":2,"name":"Contacto"}]},{"@type":"WebSite","@id":"https:\/\/www.hostalnumancia.com\/#website","url":"https:\/\/www.hostalnumancia.com\/","name":"Hostal Numancia, Madrid","description":"Hostal Numancia, Madrid","publisher":{"@id":"https:\/\/www.hostalnumancia.com\/#organization"},"potentialAction":[{"@type":"SearchAction","target":{"@type":"EntryPoint","urlTemplate":"https:\/\/www.hostalnumancia.com\/?s={search_term_string}"},"query-input":{"@type":"PropertyValueSpecification","valueRequired":true,"valueName":"search_term_string"}}],"inLanguage":"es"},{"@type":"Organization","@id":"https:\/\/www.hostalnumancia.com\/#organization","name":"Hostal R\u00edo Paran\u00e1","url":"https:\/\/www.hostalnumancia.com\/","logo":{"@type":"ImageObject","inLanguage":"es","@id":"https:\/\/www.hostalnumancia.com\/#\/schema\/logo\/image\/","url":"https:\/\/www.hostalnumancia.com\/wp-content\/uploads\/2019\/06\/Hostal-rio-paran\u00e1.png","contentUrl":"https:\/\/www.hostalnumancia.com\/wp-content\/uploads\/2019\/06\/Hostal-rio-paran\u00e1.png","width":500,"height":500,"caption":"Hostal R\u00edo Paran\u00e1"},"image":{"@id":"https:\/\/www.hostalnumancia.com\/#\/schema\/logo\/image\/"}}]}},"_links":{"self":[{"href":"https:\/\/www.hostalnumancia.com\/es\/wp-json\/wp\/v2\/pages\/464","targetHints":{"allow":["GET"]}}],"collection":[{"href":"https:\/\/www.hostalnumancia.com\/es\/wp-json\/wp\/v2\/pages"}],"about":[{"href":"https:\/\/www.hostalnumancia.com\/es\/wp-json\/wp\/v2\/types\/page"}],"author":[{"embeddable":true,"href":"https:\/\/www.hostalnumancia.com\/es\/wp-json\/wp\/v2\/users\/1"}],"replies":[{"embeddable":true,"href":"https:\/\/www.hostalnumancia.com\/es\/wp-json\/wp\/v2\/comments?post=464"}],"version-history":[{"count":6,"href":"https:\/\/www.hostalnumancia.com\/es\/wp-json\/wp\/v2\/pages\/464\/revisions"}],"predecessor-version":[{"id":1105,"href":"https:\/\/www.hostalnumancia.com\/es\/wp-json\/wp\/v2\/pages\/464\/revisions\/1105"}],"wp:attachment":[{"href":"https:\/\/www.hostalnumancia.com\/es\/wp-json\/wp\/v2\/media?parent=464"}],"curies":[{"name":"wp","href":"https:\/\/api.w.org\/{rel}","templated":true}]}}